{"id":5114,"date":"2020-04-11T14:46:32","date_gmt":"2020-04-11T12:46:32","guid":{"rendered":"http:\/\/saint-renan-bridge-club.fr\/blog\/?page_id=5114"},"modified":"2020-07-18T09:44:46","modified_gmt":"2020-07-18T07:44:46","slug":"inscriptions-aux-tournois-bbo","status":"publish","type":"page","link":"https:\/\/saint-renan-bridge-club.fr\/blog\/inscriptions-aux-tournois-bbo\/","title":{"rendered":"Inscriptions aux tournois BBO"},"content":{"rendered":"\n<p>Afin de g\u00e9rer au mieux les inscriptions aux tournois BBO, nous vous demandons de :<\/p>\n\n\n\n<p>1- Indiquez vos nom, pr\u00e9nom, N\u00b0 de licence et Pseudo BBO afin de cr\u00e9er les tournois r\u00e9serv\u00e9s \u00e0 notre club ou aux clubs invit\u00e9s. Ceci n&#8217;est a faire qu&#8217;une fois.<\/p>\n\n\n\n<p><font color=\"#0b0122\"><a href=\"https:\/\/saint-renan-bridge-club.fr\/blog\/indication-de-votre-identifiant-bbo\/\">  Lien pour l&#8217;inscription<\/a><\/font> du Pseudo BBO<\/p>\n\n\n\n<p>2-  Pr\u00e9-inscrivez-vous sur le blog pour que le pr\u00e9parateur du tournoi puisse savoir par avance le nombre de participants. Ces inscriptions sont ouvertes jusqu&#8217;\u00e0 2 heures avant le d\u00e9but du tournoi. Cette inscription se fait obligatoirement par paire.<\/p>\n\n\n\n<p><a href=\"https:\/\/saint-renan-bridge-club.fr\/blog\/inscription-par-paire-au-tournoi-bbo-du-16-juillet-18-donnes-3bb-debut-du-tournoi-a-20h30\/\">&#8211; Tournoi du jeudi 16 juillet<\/a> (18 donnes 3 BB$) Tournoi \u00e0 20h30<\/p>\n\n\n\n<p><a href=\"https:\/\/saint-renan-bridge-club.fr\/blog\/inscription-par-paire-au-tournoi-bbo-du-23-juillet-18-donnes-3bb-debut-du-tournoi-a-20h30\/\">&#8211; Tournoi du jeudi 23 juillet<\/a> (18 donnes 3 BB$) Tournoi \u00e0 20h30<\/p>\n\n\n\n<p>3- A partir de 2 heures avant le d\u00e9but du tournoi vous devez vous inscrire sur le site BBO avec votre partenaire et ceci jusqu&#8217;\u00e0 1\/4 d&#8217;heure avant l&#8217;heure de d\u00e9part.<\/p>\n\n\n\n<p>4- A l&#8217;heure de d\u00e9part du tournoi vous devez \u00eates en connexion chez BBO sinon vous ne pourrez plus y participer. Nous vous conseillons d&#8217;\u00eatre en ligne 1\/4 avant <\/p>\n","protected":false},"excerpt":{"rendered":"<p>Afin de g\u00e9rer au mieux les inscriptions aux tournois BBO, nous vous demandons de : 1- Indiquez vos nom, pr\u00e9nom, N\u00b0 de licence et Pseudo BBO afin de cr\u00e9er les tournois r\u00e9serv\u00e9s \u00e0 notre club ou aux clubs invit\u00e9s. Ceci &hellip; <a href=\"https:\/\/saint-renan-bridge-club.fr\/blog\/inscriptions-aux-tournois-bbo\/\">Continuer la lecture <span class=\"meta-nav\">&rarr;<\/span><\/a><\/p>\n","protected":false},"author":6,"featured_media":0,"parent":0,"menu_order":0,"comment_status":"closed","ping_status":"closed","template":"","meta":[],"_links":{"self":[{"href":"https:\/\/saint-renan-bridge-club.fr\/blog\/wp-json\/wp\/v2\/pages\/5114"}],"collection":[{"href":"https:\/\/saint-renan-bridge-club.fr\/blog\/wp-json\/wp\/v2\/pages"}],"about":[{"href":"https:\/\/saint-renan-bridge-club.fr\/blog\/wp-json\/wp\/v2\/types\/page"}],"author":[{"embeddable":true,"href":"https:\/\/saint-renan-bridge-club.fr\/blog\/wp-json\/wp\/v2\/users\/6"}],"replies":[{"embeddable":true,"href":"https:\/\/saint-renan-bridge-club.fr\/blog\/wp-json\/wp\/v2\/comments?post=5114"}],"version-history":[{"count":41,"href":"https:\/\/saint-renan-bridge-club.fr\/blog\/wp-json\/wp\/v2\/pages\/5114\/revisions"}],"predecessor-version":[{"id":5361,"href":"https:\/\/saint-renan-bridge-club.fr\/blog\/wp-json\/wp\/v2\/pages\/5114\/revisions\/5361"}],"wp:attachment":[{"href":"https:\/\/saint-renan-bridge-club.fr\/blog\/wp-json\/wp\/v2\/media?parent=5114"}],"curies":[{"name":"wp","href":"https:\/\/api.w.org\/{rel}","templated":true}]}}