{"id":7405,"date":"2024-09-27T21:38:56","date_gmt":"2024-09-27T19:38:56","guid":{"rendered":"https:\/\/saint-renan-bridge-club.fr\/blog\/?page_id=7405"},"modified":"2026-05-05T17:14:19","modified_gmt":"2026-05-05T15:14:19","slug":"resume-du-dernier-ca","status":"publish","type":"page","link":"https:\/\/saint-renan-bridge-club.fr\/blog\/resume-du-dernier-ca\/","title":{"rendered":"R\u00e9sum\u00e9 du dernier CA (27 mars 2026)"},"content":{"rendered":"\n<div class=\"wp-block-file\"><object class=\"wp-block-file__embed\" data=\"https:\/\/saint-renan-bridge-club.fr\/blog\/wp-content\/uploads\/2026\/05\/Resume-CA-du-27-mars-2026.pdf\" type=\"application\/pdf\" style=\"width:100%;height:600px\" aria-label=\"Contenu embarqu\u00e9 R\u00e9sum\u00e9 CA du 27 mars 2026.\"><\/object><a id=\"wp-block-file--media-aac1dc0a-059e-426a-804d-7a6607d626c4\" href=\"https:\/\/saint-renan-bridge-club.fr\/blog\/wp-content\/uploads\/2026\/05\/Resume-CA-du-27-mars-2026.pdf\">R\u00e9sum\u00e9 CA du 27 mars 2026<\/a><a href=\"https:\/\/saint-renan-bridge-club.fr\/blog\/wp-content\/uploads\/2026\/05\/Resume-CA-du-27-mars-2026.pdf\" class=\"wp-block-file__button wp-element-button\" download aria-describedby=\"wp-block-file--media-aac1dc0a-059e-426a-804d-7a6607d626c4\">T\u00e9l\u00e9charger<\/a><\/div>\n","protected":false},"excerpt":{"rendered":"","protected":false},"author":6,"featured_media":0,"parent":0,"menu_order":0,"comment_status":"closed","ping_status":"closed","template":"","meta":[],"_links":{"self":[{"href":"https:\/\/saint-renan-bridge-club.fr\/blog\/wp-json\/wp\/v2\/pages\/7405"}],"collection":[{"href":"https:\/\/saint-renan-bridge-club.fr\/blog\/wp-json\/wp\/v2\/pages"}],"about":[{"href":"https:\/\/saint-renan-bridge-club.fr\/blog\/wp-json\/wp\/v2\/types\/page"}],"author":[{"embeddable":true,"href":"https:\/\/saint-renan-bridge-club.fr\/blog\/wp-json\/wp\/v2\/users\/6"}],"replies":[{"embeddable":true,"href":"https:\/\/saint-renan-bridge-club.fr\/blog\/wp-json\/wp\/v2\/comments?post=7405"}],"version-history":[{"count":26,"href":"https:\/\/saint-renan-bridge-club.fr\/blog\/wp-json\/wp\/v2\/pages\/7405\/revisions"}],"predecessor-version":[{"id":8185,"href":"https:\/\/saint-renan-bridge-club.fr\/blog\/wp-json\/wp\/v2\/pages\/7405\/revisions\/8185"}],"wp:attachment":[{"href":"https:\/\/saint-renan-bridge-club.fr\/blog\/wp-json\/wp\/v2\/media?parent=7405"}],"curies":[{"name":"wp","href":"https:\/\/api.w.org\/{rel}","templated":true}]}}