{"id":77,"date":"2013-05-29T23:15:58","date_gmt":"2013-05-29T21:15:58","guid":{"rendered":"http:\/\/saint-renan-bridge-club.fr\/blog\/?page_id=77"},"modified":"2024-09-26T18:54:39","modified_gmt":"2024-09-26T16:54:39","slug":"accueil","status":"publish","type":"page","link":"https:\/\/saint-renan-bridge-club.fr\/blog\/accueil\/","title":{"rendered":"Accueil"},"content":{"rendered":"\n<div class=\"wp-block-group is-layout-flow\"><div class=\"wp-block-group__inner-container\">\n<p class=\"has-text-align-center has-text-color has-medium-font-size\" style=\"color:#3a0ef0\">R\u00e9ception de nos amis anglais<\/p>\n\n\n\n<figure class=\"wp-block-image size-large\"><a href=\"https:\/\/saint-renan-bridge-club.fr\/blog\/wp-content\/uploads\/2024\/09\/20240918_180136-1-scaled.jpg\"><img decoding=\"async\" loading=\"lazy\" width=\"1024\" height=\"577\" src=\"https:\/\/saint-renan-bridge-club.fr\/blog\/wp-content\/uploads\/2024\/09\/20240918_180136-1-1024x577.jpg\" alt=\"\" class=\"wp-image-7389\" srcset=\"https:\/\/saint-renan-bridge-club.fr\/blog\/wp-content\/uploads\/2024\/09\/20240918_180136-1-1024x577.jpg 1024w, https:\/\/saint-renan-bridge-club.fr\/blog\/wp-content\/uploads\/2024\/09\/20240918_180136-1-300x169.jpg 300w, https:\/\/saint-renan-bridge-club.fr\/blog\/wp-content\/uploads\/2024\/09\/20240918_180136-1-768x432.jpg 768w, https:\/\/saint-renan-bridge-club.fr\/blog\/wp-content\/uploads\/2024\/09\/20240918_180136-1-1536x865.jpg 1536w, https:\/\/saint-renan-bridge-club.fr\/blog\/wp-content\/uploads\/2024\/09\/20240918_180136-1-2048x1153.jpg 2048w, https:\/\/saint-renan-bridge-club.fr\/blog\/wp-content\/uploads\/2024\/09\/20240918_180136-1-500x282.jpg 500w\" sizes=\"(max-width: 1024px) 100vw, 1024px\" \/><\/a><\/figure>\n\n\n\n<p class=\"has-text-align-center\"><\/p>\n<\/div><\/div>\n\n\n\n<p>Le club organise toute l\u2019ann\u00e9e \u00e0 l\u2019Espace Culturel , place Guyader, deux tournois hebdomadaires les mercredi et vendredi ainsi que des parties libres comment\u00e9es le lundi apr\u00e8s midi.<\/p>\n\n\n\n<p>Des cours sont \u00e9galement organis\u00e9s le mardi de 17h \u00e0 19h et le mercredi matin de 9h30 \u00e0 12h dans les m\u00eames locaux.<\/p>\n\n\n\n<p>Pour tous renseignements consultez le site du SRBC: <a href=\"http:\/\/www.saint-renan-bridge-club.fr\">www.saint-renan-bridge-club.fr<\/a> ou t\u00e9l\u00e9phonez \u00e0 Jean Philippe Dandoy 06 77 00 44 22 ou Michel Rivain 06 74 98 62 50<\/p>\n\n\n\n<p class=\"has-text-align-center\"><strong>Photos du challenge de l&#8217;Iroise<\/strong><strong> (17 novembre <\/strong><strong> 2023)<\/strong><\/p>\n\n\n\n<figure class=\"wp-block-gallery has-nested-images columns-default is-cropped wp-block-gallery-2 is-layout-flex\">\n<figure class=\"wp-block-image size-large\"><a href=\"https:\/\/saint-renan-bridge-club.fr\/blog\/wp-content\/uploads\/2023\/11\/IMG-20231117-WA0012.jpg\"><img decoding=\"async\" loading=\"lazy\" width=\"1024\" height=\"577\" data-id=\"6965\"  src=\"https:\/\/saint-renan-bridge-club.fr\/blog\/wp-content\/uploads\/2023\/11\/IMG-20231117-WA0012-1024x577.jpg\" alt=\"\" class=\"wp-image-6965\" srcset=\"https:\/\/saint-renan-bridge-club.fr\/blog\/wp-content\/uploads\/2023\/11\/IMG-20231117-WA0012-1024x577.jpg 1024w, https:\/\/saint-renan-bridge-club.fr\/blog\/wp-content\/uploads\/2023\/11\/IMG-20231117-WA0012-300x169.jpg 300w, https:\/\/saint-renan-bridge-club.fr\/blog\/wp-content\/uploads\/2023\/11\/IMG-20231117-WA0012-768x432.jpg 768w, https:\/\/saint-renan-bridge-club.fr\/blog\/wp-content\/uploads\/2023\/11\/IMG-20231117-WA0012-1536x865.jpg 1536w, https:\/\/saint-renan-bridge-club.fr\/blog\/wp-content\/uploads\/2023\/11\/IMG-20231117-WA0012-500x281.jpg 500w, https:\/\/saint-renan-bridge-club.fr\/blog\/wp-content\/uploads\/2023\/11\/IMG-20231117-WA0012.jpg 2048w\" sizes=\"(max-width: 1024px) 100vw, 1024px\" \/><\/a><\/figure>\n\n\n\n<figure class=\"wp-block-image size-large\"><a href=\"https:\/\/saint-renan-bridge-club.fr\/blog\/wp-content\/uploads\/2023\/11\/IMG-20231117-WA0011.jpg\"><img decoding=\"async\" loading=\"lazy\" width=\"1024\" height=\"577\" data-id=\"6964\"  src=\"https:\/\/saint-renan-bridge-club.fr\/blog\/wp-content\/uploads\/2023\/11\/IMG-20231117-WA0011-1024x577.jpg\" alt=\"\" class=\"wp-image-6964\" srcset=\"https:\/\/saint-renan-bridge-club.fr\/blog\/wp-content\/uploads\/2023\/11\/IMG-20231117-WA0011-1024x577.jpg 1024w, https:\/\/saint-renan-bridge-club.fr\/blog\/wp-content\/uploads\/2023\/11\/IMG-20231117-WA0011-300x169.jpg 300w, https:\/\/saint-renan-bridge-club.fr\/blog\/wp-content\/uploads\/2023\/11\/IMG-20231117-WA0011-768x432.jpg 768w, https:\/\/saint-renan-bridge-club.fr\/blog\/wp-content\/uploads\/2023\/11\/IMG-20231117-WA0011-1536x865.jpg 1536w, https:\/\/saint-renan-bridge-club.fr\/blog\/wp-content\/uploads\/2023\/11\/IMG-20231117-WA0011-500x281.jpg 500w, https:\/\/saint-renan-bridge-club.fr\/blog\/wp-content\/uploads\/2023\/11\/IMG-20231117-WA0011.jpg 2048w\" sizes=\"(max-width: 1024px) 100vw, 1024px\" \/><\/a><\/figure>\n\n\n\n<figure class=\"wp-block-image size-large\"><a href=\"https:\/\/saint-renan-bridge-club.fr\/blog\/wp-content\/uploads\/2023\/11\/IMG-20231117-WA0010.jpg\"><img decoding=\"async\" loading=\"lazy\" width=\"1024\" height=\"577\" data-id=\"6963\"  src=\"https:\/\/saint-renan-bridge-club.fr\/blog\/wp-content\/uploads\/2023\/11\/IMG-20231117-WA0010-1024x577.jpg\" alt=\"\" class=\"wp-image-6963\" srcset=\"https:\/\/saint-renan-bridge-club.fr\/blog\/wp-content\/uploads\/2023\/11\/IMG-20231117-WA0010-1024x577.jpg 1024w, https:\/\/saint-renan-bridge-club.fr\/blog\/wp-content\/uploads\/2023\/11\/IMG-20231117-WA0010-300x169.jpg 300w, https:\/\/saint-renan-bridge-club.fr\/blog\/wp-content\/uploads\/2023\/11\/IMG-20231117-WA0010-768x432.jpg 768w, https:\/\/saint-renan-bridge-club.fr\/blog\/wp-content\/uploads\/2023\/11\/IMG-20231117-WA0010-1536x865.jpg 1536w, https:\/\/saint-renan-bridge-club.fr\/blog\/wp-content\/uploads\/2023\/11\/IMG-20231117-WA0010-500x281.jpg 500w, https:\/\/saint-renan-bridge-club.fr\/blog\/wp-content\/uploads\/2023\/11\/IMG-20231117-WA0010.jpg 2048w\" sizes=\"(max-width: 1024px) 100vw, 1024px\" \/><\/a><\/figure>\n\n\n\n<figure class=\"wp-block-image size-large\"><a href=\"https:\/\/saint-renan-bridge-club.fr\/blog\/wp-content\/uploads\/2023\/11\/IMG-20231117-WA0009.jpg\"><img decoding=\"async\" loading=\"lazy\" width=\"1024\" height=\"577\" data-id=\"6962\"  src=\"https:\/\/saint-renan-bridge-club.fr\/blog\/wp-content\/uploads\/2023\/11\/IMG-20231117-WA0009-1024x577.jpg\" alt=\"\" class=\"wp-image-6962\" srcset=\"https:\/\/saint-renan-bridge-club.fr\/blog\/wp-content\/uploads\/2023\/11\/IMG-20231117-WA0009-1024x577.jpg 1024w, https:\/\/saint-renan-bridge-club.fr\/blog\/wp-content\/uploads\/2023\/11\/IMG-20231117-WA0009-300x169.jpg 300w, https:\/\/saint-renan-bridge-club.fr\/blog\/wp-content\/uploads\/2023\/11\/IMG-20231117-WA0009-768x432.jpg 768w, https:\/\/saint-renan-bridge-club.fr\/blog\/wp-content\/uploads\/2023\/11\/IMG-20231117-WA0009-1536x865.jpg 1536w, https:\/\/saint-renan-bridge-club.fr\/blog\/wp-content\/uploads\/2023\/11\/IMG-20231117-WA0009-500x281.jpg 500w, https:\/\/saint-renan-bridge-club.fr\/blog\/wp-content\/uploads\/2023\/11\/IMG-20231117-WA0009.jpg 2048w\" sizes=\"(max-width: 1024px) 100vw, 1024px\" \/><\/a><\/figure>\n\n\n\n<figure class=\"wp-block-image size-large\"><a href=\"https:\/\/saint-renan-bridge-club.fr\/blog\/wp-content\/uploads\/2023\/11\/IMG-20231117-WA0007.jpg\"><img decoding=\"async\" loading=\"lazy\" width=\"1024\" height=\"577\" data-id=\"6961\"  src=\"https:\/\/saint-renan-bridge-club.fr\/blog\/wp-content\/uploads\/2023\/11\/IMG-20231117-WA0007-1024x577.jpg\" alt=\"\" class=\"wp-image-6961\" srcset=\"https:\/\/saint-renan-bridge-club.fr\/blog\/wp-content\/uploads\/2023\/11\/IMG-20231117-WA0007-1024x577.jpg 1024w, https:\/\/saint-renan-bridge-club.fr\/blog\/wp-content\/uploads\/2023\/11\/IMG-20231117-WA0007-300x169.jpg 300w, https:\/\/saint-renan-bridge-club.fr\/blog\/wp-content\/uploads\/2023\/11\/IMG-20231117-WA0007-768x432.jpg 768w, https:\/\/saint-renan-bridge-club.fr\/blog\/wp-content\/uploads\/2023\/11\/IMG-20231117-WA0007-1536x865.jpg 1536w, https:\/\/saint-renan-bridge-club.fr\/blog\/wp-content\/uploads\/2023\/11\/IMG-20231117-WA0007-500x281.jpg 500w, https:\/\/saint-renan-bridge-club.fr\/blog\/wp-content\/uploads\/2023\/11\/IMG-20231117-WA0007.jpg 2048w\" sizes=\"(max-width: 1024px) 100vw, 1024px\" \/><\/a><\/figure>\n\n\n\n<figure class=\"wp-block-image size-large\"><a href=\"https:\/\/saint-renan-bridge-club.fr\/blog\/wp-content\/uploads\/2023\/11\/IMG-20231117-WA0006.jpg\"><img decoding=\"async\" loading=\"lazy\" width=\"1024\" height=\"577\" data-id=\"6960\"  src=\"https:\/\/saint-renan-bridge-club.fr\/blog\/wp-content\/uploads\/2023\/11\/IMG-20231117-WA0006-1024x577.jpg\" alt=\"\" class=\"wp-image-6960\" srcset=\"https:\/\/saint-renan-bridge-club.fr\/blog\/wp-content\/uploads\/2023\/11\/IMG-20231117-WA0006-1024x577.jpg 1024w, https:\/\/saint-renan-bridge-club.fr\/blog\/wp-content\/uploads\/2023\/11\/IMG-20231117-WA0006-300x169.jpg 300w, https:\/\/saint-renan-bridge-club.fr\/blog\/wp-content\/uploads\/2023\/11\/IMG-20231117-WA0006-768x432.jpg 768w, https:\/\/saint-renan-bridge-club.fr\/blog\/wp-content\/uploads\/2023\/11\/IMG-20231117-WA0006-1536x865.jpg 1536w, https:\/\/saint-renan-bridge-club.fr\/blog\/wp-content\/uploads\/2023\/11\/IMG-20231117-WA0006-500x281.jpg 500w, https:\/\/saint-renan-bridge-club.fr\/blog\/wp-content\/uploads\/2023\/11\/IMG-20231117-WA0006.jpg 2048w\" sizes=\"(max-width: 1024px) 100vw, 1024px\" \/><\/a><\/figure>\n\n\n\n<figure class=\"wp-block-image size-large\"><a href=\"https:\/\/saint-renan-bridge-club.fr\/blog\/wp-content\/uploads\/2023\/11\/IMG-20231117-WA0005.jpg\"><img decoding=\"async\" loading=\"lazy\" width=\"1024\" height=\"577\" data-id=\"6959\"  src=\"https:\/\/saint-renan-bridge-club.fr\/blog\/wp-content\/uploads\/2023\/11\/IMG-20231117-WA0005-1024x577.jpg\" alt=\"\" class=\"wp-image-6959\" srcset=\"https:\/\/saint-renan-bridge-club.fr\/blog\/wp-content\/uploads\/2023\/11\/IMG-20231117-WA0005-1024x577.jpg 1024w, https:\/\/saint-renan-bridge-club.fr\/blog\/wp-content\/uploads\/2023\/11\/IMG-20231117-WA0005-300x169.jpg 300w, https:\/\/saint-renan-bridge-club.fr\/blog\/wp-content\/uploads\/2023\/11\/IMG-20231117-WA0005-768x432.jpg 768w, https:\/\/saint-renan-bridge-club.fr\/blog\/wp-content\/uploads\/2023\/11\/IMG-20231117-WA0005-1536x865.jpg 1536w, https:\/\/saint-renan-bridge-club.fr\/blog\/wp-content\/uploads\/2023\/11\/IMG-20231117-WA0005-500x281.jpg 500w, https:\/\/saint-renan-bridge-club.fr\/blog\/wp-content\/uploads\/2023\/11\/IMG-20231117-WA0005.jpg 2048w\" sizes=\"(max-width: 1024px) 100vw, 1024px\" \/><\/a><\/figure>\n\n\n\n<figure class=\"wp-block-image size-large\"><a href=\"https:\/\/saint-renan-bridge-club.fr\/blog\/wp-content\/uploads\/2023\/11\/IMG-20231117-WA0004.jpg\"><img decoding=\"async\" loading=\"lazy\" width=\"1024\" height=\"577\" data-id=\"6958\"  src=\"https:\/\/saint-renan-bridge-club.fr\/blog\/wp-content\/uploads\/2023\/11\/IMG-20231117-WA0004-1024x577.jpg\" alt=\"\" class=\"wp-image-6958\" srcset=\"https:\/\/saint-renan-bridge-club.fr\/blog\/wp-content\/uploads\/2023\/11\/IMG-20231117-WA0004-1024x577.jpg 1024w, https:\/\/saint-renan-bridge-club.fr\/blog\/wp-content\/uploads\/2023\/11\/IMG-20231117-WA0004-300x169.jpg 300w, https:\/\/saint-renan-bridge-club.fr\/blog\/wp-content\/uploads\/2023\/11\/IMG-20231117-WA0004-768x432.jpg 768w, https:\/\/saint-renan-bridge-club.fr\/blog\/wp-content\/uploads\/2023\/11\/IMG-20231117-WA0004-1536x865.jpg 1536w, https:\/\/saint-renan-bridge-club.fr\/blog\/wp-content\/uploads\/2023\/11\/IMG-20231117-WA0004-500x281.jpg 500w, https:\/\/saint-renan-bridge-club.fr\/blog\/wp-content\/uploads\/2023\/11\/IMG-20231117-WA0004.jpg 2048w\" sizes=\"(max-width: 1024px) 100vw, 1024px\" \/><\/a><\/figure>\n\n\n\n<figure class=\"wp-block-image size-large\"><a href=\"https:\/\/saint-renan-bridge-club.fr\/blog\/wp-content\/uploads\/2023\/11\/IMG-20231117-WA0002.jpg\"><img decoding=\"async\" loading=\"lazy\" width=\"1024\" height=\"577\" data-id=\"6957\"  src=\"https:\/\/saint-renan-bridge-club.fr\/blog\/wp-content\/uploads\/2023\/11\/IMG-20231117-WA0002-1024x577.jpg\" alt=\"\" class=\"wp-image-6957\" srcset=\"https:\/\/saint-renan-bridge-club.fr\/blog\/wp-content\/uploads\/2023\/11\/IMG-20231117-WA0002-1024x577.jpg 1024w, https:\/\/saint-renan-bridge-club.fr\/blog\/wp-content\/uploads\/2023\/11\/IMG-20231117-WA0002-300x169.jpg 300w, https:\/\/saint-renan-bridge-club.fr\/blog\/wp-content\/uploads\/2023\/11\/IMG-20231117-WA0002-768x432.jpg 768w, https:\/\/saint-renan-bridge-club.fr\/blog\/wp-content\/uploads\/2023\/11\/IMG-20231117-WA0002-1536x865.jpg 1536w, https:\/\/saint-renan-bridge-club.fr\/blog\/wp-content\/uploads\/2023\/11\/IMG-20231117-WA0002-500x281.jpg 500w, https:\/\/saint-renan-bridge-club.fr\/blog\/wp-content\/uploads\/2023\/11\/IMG-20231117-WA0002.jpg 2048w\" sizes=\"(max-width: 1024px) 100vw, 1024px\" \/><\/a><\/figure>\n\n\n\n<figure class=\"wp-block-image size-large\"><a href=\"https:\/\/saint-renan-bridge-club.fr\/blog\/wp-content\/uploads\/2023\/11\/IMG-20231117-WA0000.jpg\"><img decoding=\"async\" loading=\"lazy\" width=\"1024\" height=\"577\" data-id=\"6956\"  src=\"https:\/\/saint-renan-bridge-club.fr\/blog\/wp-content\/uploads\/2023\/11\/IMG-20231117-WA0000-1024x577.jpg\" alt=\"\" class=\"wp-image-6956\" srcset=\"https:\/\/saint-renan-bridge-club.fr\/blog\/wp-content\/uploads\/2023\/11\/IMG-20231117-WA0000-1024x577.jpg 1024w, https:\/\/saint-renan-bridge-club.fr\/blog\/wp-content\/uploads\/2023\/11\/IMG-20231117-WA0000-300x169.jpg 300w, https:\/\/saint-renan-bridge-club.fr\/blog\/wp-content\/uploads\/2023\/11\/IMG-20231117-WA0000-768x432.jpg 768w, https:\/\/saint-renan-bridge-club.fr\/blog\/wp-content\/uploads\/2023\/11\/IMG-20231117-WA0000-1536x865.jpg 1536w, https:\/\/saint-renan-bridge-club.fr\/blog\/wp-content\/uploads\/2023\/11\/IMG-20231117-WA0000-500x281.jpg 500w, https:\/\/saint-renan-bridge-club.fr\/blog\/wp-content\/uploads\/2023\/11\/IMG-20231117-WA0000.jpg 2048w\" sizes=\"(max-width: 1024px) 100vw, 1024px\" \/><\/a><\/figure>\n<\/figure>\n\n\n\n<p><\/p>\n","protected":false},"excerpt":{"rendered":"<p>R\u00e9ception de nos amis anglais Le club organise toute l\u2019ann\u00e9e \u00e0 l\u2019Espace Culturel , place Guyader, deux tournois hebdomadaires les mercredi et vendredi ainsi que des parties libres comment\u00e9es le lundi apr\u00e8s midi. Des cours sont \u00e9galement organis\u00e9s le mardi &hellip; <a href=\"https:\/\/saint-renan-bridge-club.fr\/blog\/accueil\/\">Continuer la lecture <span class=\"meta-nav\">&rarr;<\/span><\/a><\/p>\n","protected":false},"author":1,"featured_media":0,"parent":0,"menu_order":0,"comment_status":"closed","ping_status":"closed","template":"","meta":[],"_links":{"self":[{"href":"https:\/\/saint-renan-bridge-club.fr\/blog\/wp-json\/wp\/v2\/pages\/77"}],"collection":[{"href":"https:\/\/saint-renan-bridge-club.fr\/blog\/wp-json\/wp\/v2\/pages"}],"about":[{"href":"https:\/\/saint-renan-bridge-club.fr\/blog\/wp-json\/wp\/v2\/types\/page"}],"author":[{"embeddable":true,"href":"https:\/\/saint-renan-bridge-club.fr\/blog\/wp-json\/wp\/v2\/users\/1"}],"replies":[{"embeddable":true,"href":"https:\/\/saint-renan-bridge-club.fr\/blog\/wp-json\/wp\/v2\/comments?post=77"}],"version-history":[{"count":195,"href":"https:\/\/saint-renan-bridge-club.fr\/blog\/wp-json\/wp\/v2\/pages\/77\/revisions"}],"predecessor-version":[{"id":7401,"href":"https:\/\/saint-renan-bridge-club.fr\/blog\/wp-json\/wp\/v2\/pages\/77\/revisions\/7401"}],"wp:attachment":[{"href":"https:\/\/saint-renan-bridge-club.fr\/blog\/wp-json\/wp\/v2\/media?parent=77"}],"curies":[{"name":"wp","href":"https:\/\/api.w.org\/{rel}","templated":true}]}}